{"id":106,"date":"2022-07-18T13:00:32","date_gmt":"2022-07-18T13:00:32","guid":{"rendered":"https:\/\/web.ugov.mx\/?page_id=106"},"modified":"2024-02-17T03:17:40","modified_gmt":"2024-02-17T03:17:40","slug":"quienes-somos","status":"publish","type":"page","link":"https:\/\/www.cajayanga.coop\/index.php\/quienes-somos\/","title":{"rendered":"\u00bfQui\u00e9nes somos?"},"content":{"rendered":"<p>[et_pb_section fb_built=\u00bb1&#8243; fullwidth=\u00bbon\u00bb _builder_version=\u00bb4.17.6&#8243; _module_preset=\u00bbdefault\u00bb bottom_divider_style=\u00bbarrow\u00bb bottom_divider_color=\u00bb#FFFFFF\u00bb bottom_divider_height=\u00bb30px\u00bb animation_style=\u00bbzoom\u00bb animation_direction=\u00bbbottom\u00bb global_colors_info=\u00bb{}\u00bb][et_pb_fullwidth_image src=\u00bbhttps:\/\/www.cajayanga.coop\/wp-content\/uploads\/2022\/08\/Pagina3_Mesa-de-trabajo-1-01.png\u00bb title_text=\u00bbPagina3_Mesa de trabajo 1-01&#8243; _builder_version=\u00bb4.17.6&#8243; _module_preset=\u00bbdefault\u00bb global_colors_info=\u00bb{}\u00bb][\/et_pb_fullwidth_image][\/et_pb_section][et_pb_section fb_built=\u00bb1&#8243; _builder_version=\u00bb4.17.6&#8243; _module_preset=\u00bbdefault\u00bb custom_padding=\u00bb||0px|||\u00bb global_colors_info=\u00bb{}\u00bb][et_pb_row column_structure=\u00bb2_3,1_3&#8243; _builder_version=\u00bb4.17.6&#8243; _module_preset=\u00bbdefault\u00bb global_colors_info=\u00bb{}\u00bb][et_pb_column type=\u00bb2_3&#8243; _builder_version=\u00bb4.17.6&#8243; _module_preset=\u00bbdefault\u00bb global_colors_info=\u00bb{}\u00bb][et_pb_code _builder_version=\u00bb4.17.6&#8243; _module_preset=\u00bbdefault\u00bb text_orientation=\u00bbcenter\u00bb animation_style=\u00bbbounce\u00bb global_colors_info=\u00bb{}\u00bb]<lord-icon<!-- [et_pb_line_break_holder] -->    src=\u00bbhttps:\/\/cdn.lordicon.com\/gzrilpgj.json\u00bb<!-- [et_pb_line_break_holder] -->    trigger=\u00bbloop\u00bb<!-- [et_pb_line_break_holder] -->    delay=\u00bb1000&#8243;<!-- [et_pb_line_break_holder] -->    colors=\u00bbprimary:#f0626a,secondary:#ec1b24&#8243;<!-- [et_pb_line_break_holder] -->    style=\u00bbwidth:250px;height:250px\u00bb><!-- [et_pb_line_break_holder] --><\/lord-icon>[\/et_pb_code][et_pb_text _builder_version=\u00bb4.17.6&#8243; _module_preset=\u00bbdefault\u00bb text_text_color=\u00bb#000000&#8243; text_font_size=\u00bb16px\u00bb text_line_height=\u00bb1.6em\u00bb header_font_size=\u00bb27px\u00bb text_orientation=\u00bbjustified\u00bb animation_style=\u00bbbounce\u00bb global_colors_info=\u00bb{}\u00bb]<\/p>\n<p>Somos una<span>\u00a0<\/span><b>Sociedad Cooperativa de Ahorro y Pr\u00e9stamo<\/b>, donde las personas se unen libremente para ahorrar y ayudarse mutuamente a resolver las necesidades de cr\u00e9dito, nos fundamentamos en los valores y principios cooperativos, regulados por la<span>\u00a0<\/span><b>LRASCAP<\/b><span>\u00a0<\/span>(Ley para Regular las Actividades de las Sociedades Cooperativas de Ahorro y Pr\u00e9stamo).<\/p>\n<p><b>Nuestros prop\u00f3sitos son:<\/b><\/p>\n<ul>\n<li>Fomentar el h\u00e1bito del ahorro.<\/li>\n<li>Impulsar el trabajo productivo.<\/li>\n<li>Combatir la usura.<\/li>\n<\/ul>\n<p>Brindamos<span>\u00a0<\/span><b>apoyo y protecci\u00f3n a nuestros socios<\/b><span>\u00a0<\/span>para eventos inesperados o planeados gracias a nuestros cr\u00e9ditos, de la misma forma los ayudamos a<span>\u00a0<\/span><b>formar un patrimonio a trav\u00e9s de las Inversiones a plazo.<\/b><\/p>\n<p>[\/et_pb_text][\/et_pb_column][et_pb_column type=\u00bb1_3&#8243; _builder_version=\u00bb4.17.6&#8243; _module_preset=\u00bbdefault\u00bb global_colors_info=\u00bb{}\u00bb][et_pb_image src=\u00bbhttps:\/\/www.cajayanga.coop\/wp-content\/uploads\/2022\/07\/mision.png\u00bb title_text=\u00bbmision\u00bb _builder_version=\u00bb4.17.6&#8243; _module_preset=\u00bbdefault\u00bb animation_style=\u00bbflip\u00bb global_colors_info=\u00bb{}\u00bb][\/et_pb_image][\/et_pb_column][\/et_pb_row][\/et_pb_section][et_pb_section fb_built=\u00bb1&#8243; fullwidth=\u00bbon\u00bb _builder_version=\u00bb4.17.6&#8243; _module_preset=\u00bbdefault\u00bb background_color=\u00bb#ec1b24&#8243; custom_padding=\u00bb20px||||false|false\u00bb top_divider_height=\u00bb50px\u00bb bottom_divider_color=\u00bb#f7f9fc\u00bb bottom_divider_height=\u00bb50px\u00bb animation_style=\u00bbfold\u00bb global_colors_info=\u00bb{}\u00bb][et_pb_fullwidth_header title=\u00bbMisi\u00f3n\u00bb _builder_version=\u00bb4.17.6&#8243; _module_preset=\u00bbdefault\u00bb title_font=\u00bb||||||||\u00bb title_text_align=\u00bbcenter\u00bb title_font_size=\u00bb51px\u00bb title_line_height=\u00bb1.3em\u00bb background_enable_color=\u00bboff\u00bb custom_padding=\u00bb100px||100px||true|false\u00bb global_colors_info=\u00bb{}\u00bb][\/et_pb_fullwidth_header][\/et_pb_section][et_pb_section fb_built=\u00bb1&#8243; admin_label=\u00bbProducts\u00bb _builder_version=\u00bb4.16&#8243; background_color=\u00bb#f7f9fc\u00bb use_background_color_gradient=\u00bbon\u00bb background_color_gradient_stops=\u00bb#f7f9fc 0%|#ffffff 100%\u00bb background_color_gradient_start=\u00bb#f7f9fc\u00bb background_color_gradient_end=\u00bb#ffffff\u00bb custom_padding=\u00bb0px||0px|||\u00bb global_colors_info=\u00bb{}\u00bb][et_pb_row column_structure=\u00bb2_3,1_3&#8243; use_custom_gutter=\u00bbon\u00bb gutter_width=\u00bb2&#8243; _builder_version=\u00bb4.16&#8243; custom_margin=\u00bb||||false|false\u00bb locked=\u00bboff\u00bb global_colors_info=\u00bb{}\u00bb][et_pb_column type=\u00bb2_3&#8243; _builder_version=\u00bb4.16&#8243; background_color=\u00bb#ffffff\u00bb custom_padding=\u00bb30px|20px|30px|20px|true|true\u00bb border_radii=\u00bbon|10px|10px|10px|10px\u00bb box_shadow_style=\u00bbpreset3&#8243; box_shadow_vertical=\u00bb60px\u00bb box_shadow_blur=\u00bb80px\u00bb box_shadow_color=\u00bbrgba(98,116,138,0.14)\u00bb global_colors_info=\u00bb{}\u00bb][et_pb_code _builder_version=\u00bb4.17.6&#8243; _module_preset=\u00bbdefault\u00bb text_orientation=\u00bbcenter\u00bb animation_style=\u00bbbounce\u00bb global_colors_info=\u00bb{}\u00bb]<lord-icon<!-- [et_pb_line_break_holder] -->    src=\u00bbhttps:\/\/cdn.lordicon.com\/prggiqxh.json\u00bb<!-- [et_pb_line_break_holder] -->    trigger=\u00bbloop\u00bb<!-- [et_pb_line_break_holder] -->    delay=\u00bb2000&#8243;<!-- [et_pb_line_break_holder] -->    style=\u00bbwidth:250px;height:250px\u00bb><!-- [et_pb_line_break_holder] --><\/lord-icon>[\/et_pb_code][et_pb_text _builder_version=\u00bb4.21.0&#8243; _module_preset=\u00bbdefault\u00bb text_text_color=\u00bb#000000&#8243; text_font_size=\u00bb22px\u00bb text_line_height=\u00bb1.8em\u00bb header_font_size=\u00bb27px\u00bb text_orientation=\u00bbjustified\u00bb animation_style=\u00bbbounce\u00bb global_colors_info=\u00bb{}\u00bb]<\/p>\n<p><span>Somos una Cooperativa de responsabilidad social, promotora de la cultura del ahorro para el fortalecimiento del patrimonio de nuestros socios y la colocaci\u00f3n de cr\u00e9ditos que impulse su desarrollo econ\u00f3mico.<\/span><\/p>\n<p>[\/et_pb_text][\/et_pb_column][et_pb_column type=\u00bb1_3&#8243; _builder_version=\u00bb4.16&#8243; background_color=\u00bb#ffffff\u00bb custom_padding=\u00bb30px|20px|30px|20px|true|true\u00bb border_radii=\u00bbon|10px|10px|10px|10px\u00bb box_shadow_style=\u00bbpreset3&#8243; box_shadow_vertical=\u00bb60px\u00bb box_shadow_blur=\u00bb80px\u00bb box_shadow_color=\u00bbrgba(98,116,138,0.14)\u00bb global_colors_info=\u00bb{}\u00bb][et_pb_image src=\u00bbhttps:\/\/www.cajayanga.coop\/wp-content\/uploads\/2022\/08\/Pagina-31.png\u00bb title_text=\u00bbPagina-31&#8243; _builder_version=\u00bb4.17.6&#8243; _module_preset=\u00bbdefault\u00bb animation_style=\u00bbflip\u00bb global_colors_info=\u00bb{}\u00bb][\/et_pb_image][\/et_pb_column][\/et_pb_row][\/et_pb_section][et_pb_section fb_built=\u00bb1&#8243; fullwidth=\u00bbon\u00bb _builder_version=\u00bb4.17.6&#8243; _module_preset=\u00bbdefault\u00bb background_color=\u00bb#ec1b24&#8243; custom_padding=\u00bb20px||||false|false\u00bb top_divider_color=\u00bb#f7f9fc\u00bb top_divider_height=\u00bb50px\u00bb bottom_divider_color=\u00bb#f7f9fc\u00bb bottom_divider_height=\u00bb50px\u00bb animation_style=\u00bbfold\u00bb global_colors_info=\u00bb{}\u00bb][et_pb_fullwidth_header title=\u00bbVisi\u00f3n\u00bb _builder_version=\u00bb4.17.6&#8243; _module_preset=\u00bbdefault\u00bb title_font=\u00bb||||||||\u00bb title_text_align=\u00bbcenter\u00bb title_font_size=\u00bb51px\u00bb title_line_height=\u00bb1.3em\u00bb background_enable_color=\u00bboff\u00bb custom_padding=\u00bb100px||100px||true|false\u00bb global_colors_info=\u00bb{}\u00bb][\/et_pb_fullwidth_header][\/et_pb_section][et_pb_section fb_built=\u00bb1&#8243; admin_label=\u00bbProducts\u00bb _builder_version=\u00bb4.16&#8243; background_color=\u00bb#f7f9fc\u00bb use_background_color_gradient=\u00bbon\u00bb background_color_gradient_stops=\u00bb#f7f9fc 0%|#ffffff 100%\u00bb background_color_gradient_start=\u00bb#f7f9fc\u00bb background_color_gradient_end=\u00bb#ffffff\u00bb custom_padding=\u00bb0px||0px|||\u00bb global_colors_info=\u00bb{}\u00bb][et_pb_row column_structure=\u00bb1_3,2_3&#8243; use_custom_gutter=\u00bbon\u00bb gutter_width=\u00bb2&#8243; _builder_version=\u00bb4.16&#8243; custom_margin=\u00bb||||false|false\u00bb locked=\u00bboff\u00bb global_colors_info=\u00bb{}\u00bb][et_pb_column type=\u00bb1_3&#8243; _builder_version=\u00bb4.16&#8243; background_color=\u00bb#ffffff\u00bb custom_padding=\u00bb30px|20px|30px|20px|true|true\u00bb border_radii=\u00bbon|10px|10px|10px|10px\u00bb box_shadow_style=\u00bbpreset3&#8243; box_shadow_vertical=\u00bb60px\u00bb box_shadow_blur=\u00bb80px\u00bb box_shadow_color=\u00bbrgba(98,116,138,0.14)\u00bb global_colors_info=\u00bb{}\u00bb][et_pb_image src=\u00bbhttps:\/\/www.cajayanga.coop\/wp-content\/uploads\/2022\/08\/vision.png\u00bb title_text=\u00bbvision\u00bb _builder_version=\u00bb4.17.6&#8243; _module_preset=\u00bbdefault\u00bb animation_style=\u00bbflip\u00bb global_colors_info=\u00bb{}\u00bb][\/et_pb_image][\/et_pb_column][et_pb_column type=\u00bb2_3&#8243; _builder_version=\u00bb4.16&#8243; background_color=\u00bb#ffffff\u00bb custom_padding=\u00bb30px|20px|30px|20px|true|true\u00bb border_radii=\u00bbon|10px|10px|10px|10px\u00bb box_shadow_style=\u00bbpreset3&#8243; box_shadow_vertical=\u00bb60px\u00bb box_shadow_blur=\u00bb80px\u00bb box_shadow_color=\u00bbrgba(98,116,138,0.14)\u00bb global_colors_info=\u00bb{}\u00bb][et_pb_code _builder_version=\u00bb4.17.6&#8243; _module_preset=\u00bbdefault\u00bb text_orientation=\u00bbcenter\u00bb animation_style=\u00bbbounce\u00bb global_colors_info=\u00bb{}\u00bb]<lord-icon<!-- [et_pb_line_break_holder] -->    src=\u00bbhttps:\/\/cdn.lordicon.com\/kjnxkxgw.json\u00bb<!-- [et_pb_line_break_holder] -->    trigger=\u00bbloop\u00bb<!-- [et_pb_line_break_holder] -->    delay=\u00bb2000&#8243;<!-- [et_pb_line_break_holder] -->    style=\u00bbwidth:250px;height:250px\u00bb><!-- [et_pb_line_break_holder] --><\/lord-icon>[\/et_pb_code][et_pb_text _builder_version=\u00bb4.21.0&#8243; _module_preset=\u00bbdefault\u00bb text_text_color=\u00bb#000000&#8243; text_font_size=\u00bb22px\u00bb text_line_height=\u00bb1.8em\u00bb header_font_size=\u00bb27px\u00bb text_orientation=\u00bbjustified\u00bb animation_style=\u00bbbounce\u00bb global_colors_info=\u00bb{}\u00bb]<\/p>\n<p>Ser la Cooperativa n\u00famero uno del estado de Veracruz y con presencia a nivel nacional por la calidad de nuestros servicios financieros, con el uso de tecnolog\u00eda de vanguardia.<\/p>\n<p>[\/et_pb_text][\/et_pb_column][\/et_pb_row][\/et_pb_section][et_pb_section fb_built=\u00bb1&#8243; admin_label=\u00bbMission\u00bb _builder_version=\u00bb4.17.6&#8243; background_color=\u00bb#ec1b24&#8243; background_enable_pattern_style=\u00bbon\u00bb background_pattern_style=\u00bbconfetti\u00bb background_pattern_color=\u00bbRGBA(255,255,255,0)\u00bb custom_padding=\u00bb50px||0px||false|false\u00bb top_divider_style=\u00bbgraph4&#8243; top_divider_color=\u00bb#FFFFFF\u00bb top_divider_height=\u00bb30px\u00bb bottom_divider_style=\u00bbcurve2&#8243; bottom_divider_color=\u00bbRGBA(255,255,255,0)\u00bb bottom_divider_height=\u00bb179px\u00bb animation_style=\u00bbslide\u00bb global_module=\u00bb204&#8243; saved_tabs=\u00bball\u00bb global_colors_info=\u00bb{}\u00bb][et_pb_row _builder_version=\u00bb4.17.6&#8243; _module_preset=\u00bbdefault\u00bb global_colors_info=\u00bb{}\u00bb][et_pb_column type=\u00bb4_4&#8243; _builder_version=\u00bb4.17.6&#8243; _module_preset=\u00bbdefault\u00bb global_colors_info=\u00bb{}\u00bb][et_pb_button button_url=\u00bb@ET-DC@eyJkeW5hbWljIjp0cnVlLCJjb250ZW50IjoicG9zdF9saW5rX3VybF9wYWdlIiwic2V0dGluZ3MiOnsicG9zdF9pZCI6IjEyNiJ9fQ==@\u00bb url_new_window=\u00bbon\u00bb button_text=\u00bb\u00a1Cont\u00e1ctanos ahora!\u00bb button_alignment=\u00bbcenter\u00bb _builder_version=\u00bb4.17.6&#8243; _dynamic_attributes=\u00bbbutton_url\u00bb _module_preset=\u00bbdefault\u00bb custom_button=\u00bbon\u00bb button_text_size=\u00bb25px\u00bb button_text_color=\u00bb#ec1b24&#8243; button_bg_color=\u00bb#FFFFFF\u00bb button_border_width=\u00bb0px\u00bb button_border_radius=\u00bb5px\u00bb button_icon=\u00bb&#xf0a4;||fa||900&#8243; button_icon_placement=\u00bbleft\u00bb button_on_hover=\u00bboff\u00bb animation_style=\u00bbfold\u00bb animation_duration=\u00bb2000ms\u00bb box_shadow_style=\u00bbpreset3&#8243; global_colors_info=\u00bb{}\u00bb][\/et_pb_button][\/et_pb_column][\/et_pb_row][et_pb_row column_structure=\u00bb1_4,1_4,1_2&#8243; _builder_version=\u00bb4.17.6&#8243; _module_preset=\u00bbdefault\u00bb global_colors_info=\u00bb{}\u00bb][et_pb_column type=\u00bb1_4&#8243; _builder_version=\u00bb4.17.6&#8243; _module_preset=\u00bbdefault\u00bb global_colors_info=\u00bb{}\u00bb][et_pb_text _builder_version=\u00bb4.17.6&#8243; _module_preset=\u00bbdefault\u00bb text_text_color=\u00bb#FFFFFF\u00bb text_font_size=\u00bb22px\u00bb animation_style=\u00bbflip\u00bb global_colors_info=\u00bb{}\u00bb]<\/p>\n<p>Enlaces web<\/p>\n<p>[\/et_pb_text][et_pb_text _builder_version=\u00bb4.17.6&#8243; _module_preset=\u00bbdefault\u00bb text_text_color=\u00bb#FFFFFF\u00bb text_font_size=\u00bb16px\u00bb custom_margin=\u00bb||0px||false|false\u00bb custom_padding=\u00bb|||20px|false|false\u00bb animation_style=\u00bbflip\u00bb link_option_url=\u00bbhttps:\/\/www.cajayanga.coop\/docs\/UNE2022.pdf\u00bb link_option_url_new_window=\u00bbon\u00bb global_colors_info=\u00bb{}\u00bb]<\/p>\n<ul>\n<li>UNE<\/li>\n<\/ul>\n<p>[\/et_pb_text][et_pb_text _builder_version=\u00bb4.17.6&#8243; _module_preset=\u00bbdefault\u00bb text_text_color=\u00bb#FFFFFF\u00bb text_font_size=\u00bb16px\u00bb custom_margin=\u00bb||0px||false|false\u00bb custom_padding=\u00bb|||20px|false|false\u00bb animation_style=\u00bbflip\u00bb link_option_url=\u00bbhttps:\/\/www.gob.mx\/condusef\u00bb link_option_url_new_window=\u00bbon\u00bb global_colors_info=\u00bb{}\u00bb]<\/p>\n<ul>\n<li>CONDUSEF<\/li>\n<\/ul>\n<p>[\/et_pb_text][et_pb_text _builder_version=\u00bb4.17.6&#8243; _module_preset=\u00bbdefault\u00bb text_text_color=\u00bb#FFFFFF\u00bb text_font_size=\u00bb16px\u00bb custom_margin=\u00bb||0px||false|false\u00bb custom_padding=\u00bb|||20px|false|false\u00bb animation_style=\u00bbflip\u00bb link_option_url=\u00bbhttp:\/\/www.cnbv.gob.mx\/Paginas\/default.aspx\u00bb link_option_url_new_window=\u00bbon\u00bb global_colors_info=\u00bb{}\u00bb]<\/p>\n<ul>\n<li>CNBV<\/li>\n<\/ul>\n<p>[\/et_pb_text][et_pb_text _builder_version=\u00bb4.17.6&#8243; _module_preset=\u00bbdefault\u00bb text_text_color=\u00bb#FFFFFF\u00bb text_font_size=\u00bb16px\u00bb custom_margin=\u00bb||0px||false|false\u00bb custom_padding=\u00bb|||20px|false|false\u00bb animation_style=\u00bbflip\u00bb link_option_url=\u00bbhttp:\/\/www.burodecredito.com.mx\/\u00bb link_option_url_new_window=\u00bbon\u00bb global_colors_info=\u00bb{}\u00bb]<\/p>\n<ul>\n<li>Bur\u00f3 de cr\u00e9dito<\/li>\n<\/ul>\n<p>[\/et_pb_text][\/et_pb_column][et_pb_column type=\u00bb1_4&#8243; _builder_version=\u00bb4.17.6&#8243; _module_preset=\u00bbdefault\u00bb global_colors_info=\u00bb{}\u00bb][et_pb_text _builder_version=\u00bb4.17.6&#8243; _module_preset=\u00bbdefault\u00bb text_text_color=\u00bb#FFFFFF\u00bb text_font_size=\u00bb22px\u00bb animation_style=\u00bbflip\u00bb global_colors_info=\u00bb{}\u00bb]<\/p>\n<p>Enlaces \u00fatiles<\/p>\n<p>[\/et_pb_text][et_pb_text _builder_version=\u00bb4.17.6&#8243; _module_preset=\u00bbdefault\u00bb text_text_color=\u00bb#FFFFFF\u00bb text_font_size=\u00bb16px\u00bb custom_margin=\u00bb||0px||false|false\u00bb custom_padding=\u00bb|||20px|false|false\u00bb animation_style=\u00bbflip\u00bb link_option_url=\u00bbhttps:\/\/www.cajayanga.coop\/index.php\/aviso-de-privacidad\u00bb link_option_url_new_window=\u00bbon\u00bb global_colors_info=\u00bb{}\u00bb]<\/p>\n<ul>\n<li>Aviso de privacidad<\/li>\n<\/ul>\n<p>[\/et_pb_text][et_pb_text _builder_version=\u00bb4.17.6&#8243; _module_preset=\u00bbdefault\u00bb text_text_color=\u00bb#FFFFFF\u00bb text_font_size=\u00bb16px\u00bb custom_margin=\u00bb||0px||false|false\u00bb custom_padding=\u00bb|||20px|false|false\u00bb animation_style=\u00bbflip\u00bb link_option_url=\u00bbhttps:\/\/www.cajayanga.coop\/docs\/Aviso_Legal_2021.pdf\u00bb link_option_url_new_window=\u00bbon\u00bb global_colors_info=\u00bb{}\u00bb]<\/p>\n<ul>\n<li>Aviso legal<\/li>\n<\/ul>\n<p>[\/et_pb_text][et_pb_text _builder_version=\u00bb4.17.6&#8243; _dynamic_attributes=\u00bblink_option_url\u00bb _module_preset=\u00bbdefault\u00bb text_text_color=\u00bb#FFFFFF\u00bb text_font_size=\u00bb16px\u00bb custom_margin=\u00bb||0px||false|false\u00bb custom_padding=\u00bb|||20px|false|false\u00bb animation_style=\u00bbflip\u00bb link_option_url=\u00bb@ET-DC@eyJkeW5hbWljIjp0cnVlLCJjb250ZW50IjoicG9zdF9saW5rX3VybF9wYWdlIiwic2V0dGluZ3MiOnsicG9zdF9pZCI6IjU0MyJ9fQ==@\u00bb link_option_url_new_window=\u00bbon\u00bb global_colors_info=\u00bb{}\u00bb]<\/p>\n<ul>\n<li>Horarios de servicio<\/li>\n<\/ul>\n<p>[\/et_pb_text][et_pb_text _builder_version=\u00bb4.17.6&#8243; _module_preset=\u00bbdefault\u00bb text_text_color=\u00bb#FFFFFF\u00bb text_font_size=\u00bb16px\u00bb custom_margin=\u00bb||0px||false|false\u00bb custom_padding=\u00bb|||20px|false|false\u00bb animation_style=\u00bbflip\u00bb link_option_url=\u00bbhttps:\/\/www.cajayanga.coop\/docs\/CUADRO_COMPARATIVO_CONTRATO_MULTIPLE_V1.pdf\u00bb link_option_url_new_window=\u00bbon\u00bb global_colors_info=\u00bb{}\u00bb]<\/p>\n<ul>\n<li>Aviso de modificaci\u00f3n<\/li>\n<\/ul>\n<p>[\/et_pb_text][\/et_pb_column][et_pb_column type=\u00bb1_2&#8243; _builder_version=\u00bb4.17.6&#8243; _module_preset=\u00bbdefault\u00bb global_colors_info=\u00bb{}\u00bb][et_pb_text _builder_version=\u00bb4.17.6&#8243; _module_preset=\u00bbdefault\u00bb text_text_color=\u00bb#FFFFFF\u00bb text_font_size=\u00bb22px\u00bb text_orientation=\u00bbcenter\u00bb animation_style=\u00bbflip\u00bb global_colors_info=\u00bb{}\u00bb]<\/p>\n<p>Bur\u00f3 de Entidades financieras<\/p>\n<p>[\/et_pb_text][et_pb_image src=\u00bbhttps:\/\/www.cajayanga.coop\/wp-content\/uploads\/2022\/08\/buro.jpg\u00bb title_text=\u00bbburo\u00bb url=\u00bb@ET-DC@eyJkeW5hbWljIjp0cnVlLCJjb250ZW50IjoicG9zdF9saW5rX3VybF9wYWdlIiwic2V0dGluZ3MiOnsicG9zdF9pZCI6IjExMDgifX0=@\u00bb url_new_window=\u00bbon\u00bb align=\u00bbcenter\u00bb _builder_version=\u00bb4.17.6&#8243; _dynamic_attributes=\u00bburl\u00bb _module_preset=\u00bbdefault\u00bb custom_padding=\u00bb||||false|false\u00bb animation_style=\u00bbslide\u00bb global_colors_info=\u00bb{}\u00bb][\/et_pb_image][et_pb_text _builder_version=\u00bb4.17.6&#8243; _module_preset=\u00bbdefault\u00bb text_text_color=\u00bb#FFFFFF\u00bb text_font_size=\u00bb16px\u00bb text_orientation=\u00bbcenter\u00bb custom_margin=\u00bb||0px||false|false\u00bb custom_padding=\u00bb|||20px|false|false\u00bb animation_style=\u00bbflip\u00bb link_option_url_new_window=\u00bbon\u00bb global_colors_info=\u00bb{}\u00bb]<\/p>\n<p><span>Con el Bur\u00f3 de Entidades Financieras, se lograr\u00e1 saber qui\u00e9n es qui\u00e9n en bancos, seguros, sociedades financieras de objeto m\u00faltiple, cajas de ahorro, afores, entre otras entidades.\u00a0<\/span><\/p>\n<p>[\/et_pb_text][\/et_pb_column][\/et_pb_row][et_pb_row column_structure=\u00bb1_3,1_3,1_3&#8243; _builder_version=\u00bb4.17.6&#8243; _module_preset=\u00bbdefault\u00bb global_colors_info=\u00bb{}\u00bb][et_pb_column type=\u00bb1_3&#8243; _builder_version=\u00bb4.17.6&#8243; _module_preset=\u00bbdefault\u00bb global_colors_info=\u00bb{}\u00bb][et_pb_icon font_icon=\u00bb&#xe0aa;||divi||400&#8243; icon_color=\u00bb#FFFFFF\u00bb icon_width=\u00bb50px\u00bb url=\u00bbhttps:\/\/www.facebook.com\/CajaYangaOficial\/\u00bb url_new_window=\u00bbon\u00bb _builder_version=\u00bb4.17.6&#8243; _module_preset=\u00bbdefault\u00bb animation_style=\u00bbslide\u00bb global_colors_info=\u00bb{}\u00bb][\/et_pb_icon][\/et_pb_column][et_pb_column type=\u00bb1_3&#8243; _builder_version=\u00bb4.17.6&#8243; _module_preset=\u00bbdefault\u00bb global_colors_info=\u00bb{}\u00bb][et_pb_icon font_icon=\u00bb&#xe0b1;||divi||400&#8243; icon_color=\u00bb#FFFFFF\u00bb icon_width=\u00bb50px\u00bb url=\u00bbhttps:\/\/www.instagram.com\/cajayanga\/?hl=es\u00bb url_new_window=\u00bbon\u00bb _builder_version=\u00bb4.17.6&#8243; _module_preset=\u00bbdefault\u00bb animation_style=\u00bbslide\u00bb global_colors_info=\u00bb{}\u00bb][\/et_pb_icon][\/et_pb_column][et_pb_column type=\u00bb1_3&#8243; _builder_version=\u00bb4.17.6&#8243; _module_preset=\u00bbdefault\u00bb global_colors_info=\u00bb{}\u00bb][et_pb_icon font_icon=\u00bb&#xe0ba;||divi||400&#8243; icon_color=\u00bb#FFFFFF\u00bb icon_width=\u00bb50px\u00bb url=\u00bbhttps:\/\/www.youtube.com\/channel\/UCRdhqxcN2qxzEzoa1kREKnw\u00bb url_new_window=\u00bbon\u00bb _builder_version=\u00bb4.17.6&#8243; _module_preset=\u00bbdefault\u00bb animation_style=\u00bbslide\u00bb global_colors_info=\u00bb{}\u00bb][\/et_pb_icon][\/et_pb_column][\/et_pb_row][et_pb_row _builder_version=\u00bb4.17.6&#8243; _module_preset=\u00bbdefault\u00bb global_colors_info=\u00bb{}\u00bb][et_pb_column type=\u00bb4_4&#8243; _builder_version=\u00bb4.17.6&#8243; _module_preset=\u00bbdefault\u00bb global_colors_info=\u00bb{}\u00bb][et_pb_text _builder_version=\u00bb4.17.6&#8243; _module_preset=\u00bbdefault\u00bb text_text_color=\u00bb#FFFFFF\u00bb text_line_height=\u00bb1.5em\u00bb header_text_color=\u00bb#FFFFFF\u00bb text_orientation=\u00bbcenter\u00bb animation_style=\u00bbbounce\u00bb animation_duration=\u00bb2000ms\u00bb global_colors_info=\u00bb{}\u00bb]<\/p>\n<h1>Caja Popular de Ahorros Yanga S.C. de A.P. de R.L. de C.V. \u00ae<\/h1>\n<p>\u00a9 CajaYanga.coop 2023 Todos los Derechos Reservados<\/p>\n<p>[\/et_pb_text][\/et_pb_column][\/et_pb_row][\/et_pb_section][et_pb_section fb_built=\u00bb1&#8243; fullwidth=\u00bbon\u00bb _builder_version=\u00bb4.17.6&#8243; _module_preset=\u00bbdefault\u00bb global_module=\u00bb1019&#8243; global_colors_info=\u00bb{}\u00bb][et_pb_fullwidth_header title=\u00bbConsulta los costos y comisiones de nuestros productos\u00bb _builder_version=\u00bb4.17.6&#8243; _dynamic_attributes=\u00bblink_option_url\u00bb _module_preset=\u00bbdefault\u00bb title_font=\u00bb|800|||||||\u00bb title_text_align=\u00bbright\u00bb title_text_color=\u00bb#000000&#8243; title_font_size=\u00bb14px\u00bb background_color=\u00bb#FFFFFF\u00bb custom_margin=\u00bb0px||||false|false\u00bb custom_padding=\u00bb12px||12px||false|false\u00bb link_option_url=\u00bb@ET-DC@eyJkeW5hbWljIjp0cnVlLCJjb250ZW50IjoicG9zdF9saW5rX3VybF9wYWdlIiwic2V0dGluZ3MiOnsicG9zdF9pZCI6IjU1NyJ9fQ==@\u00bb link_option_url_new_window=\u00bbon\u00bb global_colors_info=\u00bb{}\u00bb][\/et_pb_fullwidth_header][\/et_pb_section]<\/p>\n","protected":false},"excerpt":{"rendered":"<p>Somos una\u00a0Sociedad Cooperativa de Ahorro y Pr\u00e9stamo, donde las personas se unen libremente para ahorrar y ayudarse mutuamente a resolver las necesidades de cr\u00e9dito, nos fundamentamos en los valores y principios cooperativos, regulados por la\u00a0LRASCAP\u00a0(Ley para Regular las Actividades de las Sociedades Cooperativas de Ahorro y Pr\u00e9stamo). Nuestros prop\u00f3sitos son: Fomentar el h\u00e1bito del ahorro. [&hellip;]<\/p>\n","protected":false},"author":1,"featured_media":0,"parent":0,"menu_order":0,"comment_status":"closed","ping_status":"closed","template":"","meta":{"_et_pb_use_builder":"on","_et_pb_old_content":"<!-- wp:divi\/placeholder \/-->","_et_gb_content_width":"","_joinchat":[],"footnotes":""},"class_list":["post-106","page","type-page","status-publish","hentry"],"_links":{"self":[{"href":"https:\/\/www.cajayanga.coop\/index.php\/wp-json\/wp\/v2\/pages\/106","targetHints":{"allow":["GET"]}}],"collection":[{"href":"https:\/\/www.cajayanga.coop\/index.php\/wp-json\/wp\/v2\/pages"}],"about":[{"href":"https:\/\/www.cajayanga.coop\/index.php\/wp-json\/wp\/v2\/types\/page"}],"author":[{"embeddable":true,"href":"https:\/\/www.cajayanga.coop\/index.php\/wp-json\/wp\/v2\/users\/1"}],"replies":[{"embeddable":true,"href":"https:\/\/www.cajayanga.coop\/index.php\/wp-json\/wp\/v2\/comments?post=106"}],"version-history":[{"count":26,"href":"https:\/\/www.cajayanga.coop\/index.php\/wp-json\/wp\/v2\/pages\/106\/revisions"}],"predecessor-version":[{"id":2405,"href":"https:\/\/www.cajayanga.coop\/index.php\/wp-json\/wp\/v2\/pages\/106\/revisions\/2405"}],"wp:attachment":[{"href":"https:\/\/www.cajayanga.coop\/index.php\/wp-json\/wp\/v2\/media?parent=106"}],"curies":[{"name":"wp","href":"https:\/\/api.w.org\/{rel}","templated":true}]}}